{"id":47,"date":"2013-09-18T13:35:39","date_gmt":"2013-09-18T13:35:39","guid":{"rendered":"http:\/\/pixelgrade.com\/demos\/lens\/?page_id=47"},"modified":"2020-04-05T18:16:18","modified_gmt":"2020-04-05T18:16:18","slug":"sobre","status":"publish","type":"page","link":"https:\/\/vagalumefotografia.com\/?page_id=47","title":{"rendered":"Sobre"},"content":{"rendered":"<p>A <a style=\"color:#23e345\">Vaga-lume Fotografia<\/a> \u00e9 uma empresa criada pela fot\u00f3grafa Mariza Lima.<br \/>\nMariza estudou jornalismo e come\u00e7ou sua carreira em 1987, como assistente dos fot\u00f3grafos publicit\u00e1rios Davy Alexandrisky e Philippe Meyer. Durante sua trajet\u00f3ria profissional, desenvolveu trabalhos em diversas \u00e1reas da fotografia registrando momentos marcantes da vida cultural, pol\u00edtica e empresarial do pa\u00eds.<\/p>\n<div class=\"pixcode  pixcode--row  row  \">\n\n<div class=\"col-12  hand-span-4 \">\n\n<h3>Servi\u00e7os<\/h3>\n<hr class=\"pixcode  pixcode--separator  separator separator--dotted\" \/>\n<ul>\n<li>SHOWS<\/li>\n<li>EVENTOS<\/li>\n<li>INTERIORES<\/li>\n<li>PRODUTO<\/li>\n<li>ARTE<\/li>\n<li>TURISMO<\/li>\n<li>FESTAS<\/li>\n<\/ul>\n\n<\/div>\n\n<div class=\"col-12  hand-span-8 \">\n\n<h3>Exposi\u00e7\u00f5es e Pr\u00eamios<\/h3>\n<hr class=\"pixcode  pixcode--separator  separator separator--dotted\" \/>\n<div class=\"pixcode  pixcode--row  row  \">\n\n<div class=\"col-12  hand-span-6 \">\n\n<p><strong>&#8220;Um novo olhar sobre o Rio&#8221;<\/strong><br \/>\nExposi\u00e7\u00e3o de fotos a\u00e9reas da cidade do Rio de Janeiro<br \/>\nHotel Sheraton &#8211; RJ<\/p>\n<p><strong>&#8220;Golf em Preto e Branco&#8221;<\/strong><br \/>\nExposi\u00e7\u00e3o permanente &#8211; Golden Green Golf Club<\/p>\n<p><strong>&#8220;Quilombo&#8221;<\/strong> &#8211;<br \/>\nExposi\u00e7\u00e3o com artista pl\u00e1stica Gilda Reis Netto<br \/>\nUniversidade Veiga de Almeida<\/p>\n<p><strong>&#8220;Um novo olhar sobre o Rio&#8221;<\/strong><br \/>\nNa empresa multinacional GSK Brasil.<\/p>\n<p>  \t\n<\/div>\n\n<div class=\"col-12  hand-span-6 \">\n\n<p>Foto <strong>&#8220;Circo da Vida&#8221;<\/strong><br \/>\nExposi\u00e7\u00e3o Intinerante &#8211; IDECACE<\/p>\n<p>Classifica\u00e7\u00e3o no Concurso Anual Jardim Bot\u00e2nico, Rio de Janeiro<br \/>\nCom a foto <strong>&#8220;Sonho de Liberdade&#8221;<\/strong><\/p>\n<p>Concurso Retratos do Meu Pa\u00eds &#8211; Rede Globo<br \/>\nCom a foto <strong>&#8220;Janelas do Rio&#8221;<\/strong><\/p>\n\n<\/div>\n\n\n<\/div>\n\n\n<\/div>\n\n\n<\/div>\n\n<div class=\"pixcode  pixcode--row  row  \">\n\n<div class=\"col-12  hand-span-4 \">\n\n<h3>Eventos<\/h3>\n<p>Alguns eventos importantes que foram fotografados por Mariza Lima<\/p>\n<hr class=\"pixcode  pixcode--separator  separator separator--dotted\" \/>\n<ul>\n<li>Eco-92<\/li>\n<li>Reelei\u00e7\u00e3o do Presidente Fernando Henrique<\/li>\n<li>Marketing Best &#8211; ESPM<\/li>\n<\/ul>\n\n<\/div>\n\n<div class=\"col-12  hand-span-8 \">\n\n<h3>Clientes<\/h3>\n<p>Em 2007 fundou a <a style=\"color:#23e345\">Vaga-lume Fotografia ltda.<\/a><br \/>\nPrestando servi\u00e7os fotogr\u00e1ficos para diversos clientes.<\/p>\n<hr class=\"pixcode  pixcode--separator  separator separator--dotted\" \/>\n<div class=\"pixcode  pixcode--row  row  \">\n\n<div class=\"col-12  hand-span-6 \">\n\n<li>Gsk Brasil<\/li>\n<li>Hotel Porto Bello<\/li>\n<li>Texaco<\/li>\n<li>Itanhang\u00e1 Golf Club<\/li>\n<li>Hotel Porto Galo <\/li>\n<li>Revista Time Life<\/li>\n<li>CIPA Administradora de Im\u00f3veis<\/li>\n<li>Restaurante Cervantes <\/li>\n<li>BR Petrobr\u00e1s<\/li>\n<li>Hotel Inter Continental<\/li>\n<p>  \t\n<\/div>\n\n<div class=\"col-12  hand-span-6 \">\n\n<li>Museu da Imagem e do Som<\/li>\n<li>Hotel Regina<\/li>\n<li>Instituto Cravo Albim<\/li>\n<li>Golden Green<\/li>\n<li> ESPM<\/li>\n<li>Teres\u00f3polis Golf Club<\/li>\n<li>Banco Franc\u00eas e Brasileiro <\/li>\n<li>Petroflex<\/li>\n<li>Amil<\/li>\n<li>Comsut<\/li>\n\n<\/div>\n\n\n<\/div>\n\n\n<\/div>\n\n\n<\/div>\n\n","protected":false},"excerpt":{"rendered":"<p>A Vaga-lume Fotografia \u00e9 uma empresa criada pela fot\u00f3grafa Mariza Lima. Mariza estudou jornalismo e come\u00e7ou sua carreira em 1987, como assistente dos fot\u00f3grafos publicit\u00e1rios Davy Alexandrisky e Philippe Meyer. Durante sua trajet\u00f3ria profissional, desenvolveu trabalhos em diversas \u00e1reas da fotografia registrando momentos marcantes da vida cultural, pol\u00edtica e empresarial do pa\u00eds.<\/p>\n","protected":false},"author":1,"featured_media":0,"parent":0,"menu_order":8,"comment_status":"closed","ping_status":"closed","template":"template-fullwidth.php","meta":{"footnotes":""},"class_list":["post-47","page","type-page","status-publish","hentry"],"yoast_head":"<!-- This site is optimized with the Yoast SEO plugin v24.1 - https:\/\/yoast.com\/wordpress\/plugins\/seo\/ -->\n<title>Sobre - Vaga-lume Fotografia | Rio de Janeiro, Shows e Arte<\/title>\n<meta name=\"robots\" content=\"index, follow, max-snippet:-1, max-image-preview:large, max-video-preview:-1\" \/>\n<link rel=\"canonical\" href=\"https:\/\/vagalumefotografia.com\/?page_id=47\" \/>\n<meta property=\"og:locale\" content=\"pt_BR\" \/>\n<meta property=\"og:type\" content=\"article\" \/>\n<meta property=\"og:title\" content=\"Sobre - Vaga-lume Fotografia | Rio de Janeiro, Shows e Arte\" \/>\n<meta property=\"og:description\" content=\"A Vaga-lume Fotografia \u00e9 uma empresa criada pela fot\u00f3grafa Mariza Lima. Mariza estudou jornalismo e come\u00e7ou sua carreira em 1987, como assistente dos fot\u00f3grafos publicit\u00e1rios Davy Alexandrisky e Philippe Meyer. Durante sua trajet\u00f3ria profissional, desenvolveu trabalhos em diversas \u00e1reas da fotografia registrando momentos marcantes da vida cultural, pol\u00edtica e empresarial do pa\u00eds.\" \/>\n<meta property=\"og:url\" content=\"https:\/\/vagalumefotografia.com\/?page_id=47\" \/>\n<meta property=\"og:site_name\" content=\"Vaga-lume Fotografia | Rio de Janeiro, Shows e Arte\" \/>\n<meta property=\"article:publisher\" content=\"https:\/\/www.facebook.com\/vagalumefotos\" \/>\n<meta property=\"article:modified_time\" content=\"2020-04-05T18:16:18+00:00\" \/>\n<meta property=\"og:image\" content=\"https:\/\/vagalumefotografia.com\/wp-content\/uploads\/2014\/06\/fortaleza-s11.png\" \/>\n\t<meta property=\"og:image:width\" content=\"200\" \/>\n\t<meta property=\"og:image:height\" content=\"200\" \/>\n\t<meta property=\"og:image:type\" content=\"image\/png\" \/>\n<meta name=\"twitter:label1\" content=\"Est. tempo de leitura\" \/>\n\t<meta name=\"twitter:data1\" content=\"2 minutos\" \/>\n<script type=\"application\/ld+json\" class=\"yoast-schema-graph\">{\"@context\":\"https:\/\/schema.org\",\"@graph\":[{\"@type\":\"WebPage\",\"@id\":\"https:\/\/vagalumefotografia.com\/?page_id=47\",\"url\":\"https:\/\/vagalumefotografia.com\/?page_id=47\",\"name\":\"Sobre - Vaga-lume Fotografia | Rio de Janeiro, Shows e Arte\",\"isPartOf\":{\"@id\":\"https:\/\/vagalumefotografia.com\/#website\"},\"datePublished\":\"2013-09-18T13:35:39+00:00\",\"dateModified\":\"2020-04-05T18:16:18+00:00\",\"breadcrumb\":{\"@id\":\"https:\/\/vagalumefotografia.com\/?page_id=47#breadcrumb\"},\"inLanguage\":\"pt-BR\",\"potentialAction\":[{\"@type\":\"ReadAction\",\"target\":[\"https:\/\/vagalumefotografia.com\/?page_id=47\"]}]},{\"@type\":\"BreadcrumbList\",\"@id\":\"https:\/\/vagalumefotografia.com\/?page_id=47#breadcrumb\",\"itemListElement\":[{\"@type\":\"ListItem\",\"position\":1,\"name\":\"In\u00edcio\",\"item\":\"https:\/\/vagalumefotografia.com\/?page_id=31199\"},{\"@type\":\"ListItem\",\"position\":2,\"name\":\"Sobre\"}]},{\"@type\":\"WebSite\",\"@id\":\"https:\/\/vagalumefotografia.com\/#website\",\"url\":\"https:\/\/vagalumefotografia.com\/\",\"name\":\"Vaga-lume Fotografia | Rio de Janeiro, Shows e Arte\",\"description\":\"Especializada em fotografias de Turismo, Shows e Arte\",\"potentialAction\":[{\"@type\":\"SearchAction\",\"target\":{\"@type\":\"EntryPoint\",\"urlTemplate\":\"https:\/\/vagalumefotografia.com\/?s={search_term_string}\"},\"query-input\":{\"@type\":\"PropertyValueSpecification\",\"valueRequired\":true,\"valueName\":\"search_term_string\"}}],\"inLanguage\":\"pt-BR\"}]}<\/script>\n<!-- \/ Yoast SEO plugin. -->","yoast_head_json":{"title":"Sobre - Vaga-lume Fotografia | Rio de Janeiro, Shows e Arte","robots":{"index":"index","follow":"follow","max-snippet":"max-snippet:-1","max-image-preview":"max-image-preview:large","max-video-preview":"max-video-preview:-1"},"canonical":"https:\/\/vagalumefotografia.com\/?page_id=47","og_locale":"pt_BR","og_type":"article","og_title":"Sobre - Vaga-lume Fotografia | Rio de Janeiro, Shows e Arte","og_description":"A Vaga-lume Fotografia \u00e9 uma empresa criada pela fot\u00f3grafa Mariza Lima. Mariza estudou jornalismo e come\u00e7ou sua carreira em 1987, como assistente dos fot\u00f3grafos publicit\u00e1rios Davy Alexandrisky e Philippe Meyer. Durante sua trajet\u00f3ria profissional, desenvolveu trabalhos em diversas \u00e1reas da fotografia registrando momentos marcantes da vida cultural, pol\u00edtica e empresarial do pa\u00eds.","og_url":"https:\/\/vagalumefotografia.com\/?page_id=47","og_site_name":"Vaga-lume Fotografia | Rio de Janeiro, Shows e Arte","article_publisher":"https:\/\/www.facebook.com\/vagalumefotos","article_modified_time":"2020-04-05T18:16:18+00:00","og_image":[{"width":200,"height":200,"url":"https:\/\/vagalumefotografia.com\/wp-content\/uploads\/2014\/06\/fortaleza-s11.png","type":"image\/png"}],"twitter_misc":{"Est. tempo de leitura":"2 minutos"},"schema":{"@context":"https:\/\/schema.org","@graph":[{"@type":"WebPage","@id":"https:\/\/vagalumefotografia.com\/?page_id=47","url":"https:\/\/vagalumefotografia.com\/?page_id=47","name":"Sobre - Vaga-lume Fotografia | Rio de Janeiro, Shows e Arte","isPartOf":{"@id":"https:\/\/vagalumefotografia.com\/#website"},"datePublished":"2013-09-18T13:35:39+00:00","dateModified":"2020-04-05T18:16:18+00:00","breadcrumb":{"@id":"https:\/\/vagalumefotografia.com\/?page_id=47#breadcrumb"},"inLanguage":"pt-BR","potentialAction":[{"@type":"ReadAction","target":["https:\/\/vagalumefotografia.com\/?page_id=47"]}]},{"@type":"BreadcrumbList","@id":"https:\/\/vagalumefotografia.com\/?page_id=47#breadcrumb","itemListElement":[{"@type":"ListItem","position":1,"name":"In\u00edcio","item":"https:\/\/vagalumefotografia.com\/?page_id=31199"},{"@type":"ListItem","position":2,"name":"Sobre"}]},{"@type":"WebSite","@id":"https:\/\/vagalumefotografia.com\/#website","url":"https:\/\/vagalumefotografia.com\/","name":"Vaga-lume Fotografia | Rio de Janeiro, Shows e Arte","description":"Especializada em fotografias de Turismo, Shows e Arte","potentialAction":[{"@type":"SearchAction","target":{"@type":"EntryPoint","urlTemplate":"https:\/\/vagalumefotografia.com\/?s={search_term_string}"},"query-input":{"@type":"PropertyValueSpecification","valueRequired":true,"valueName":"search_term_string"}}],"inLanguage":"pt-BR"}]}},"_links":{"self":[{"href":"https:\/\/vagalumefotografia.com\/index.php?rest_route=\/wp\/v2\/pages\/47","targetHints":{"allow":["GET"]}}],"collection":[{"href":"https:\/\/vagalumefotografia.com\/index.php?rest_route=\/wp\/v2\/pages"}],"about":[{"href":"https:\/\/vagalumefotografia.com\/index.php?rest_route=\/wp\/v2\/types\/page"}],"author":[{"embeddable":true,"href":"https:\/\/vagalumefotografia.com\/index.php?rest_route=\/wp\/v2\/users\/1"}],"replies":[{"embeddable":true,"href":"https:\/\/vagalumefotografia.com\/index.php?rest_route=%2Fwp%2Fv2%2Fcomments&post=47"}],"version-history":[{"count":30,"href":"https:\/\/vagalumefotografia.com\/index.php?rest_route=\/wp\/v2\/pages\/47\/revisions"}],"predecessor-version":[{"id":1303,"href":"https:\/\/vagalumefotografia.com\/index.php?rest_route=\/wp\/v2\/pages\/47\/revisions\/1303"}],"wp:attachment":[{"href":"https:\/\/vagalumefotografia.com\/index.php?rest_route=%2Fwp%2Fv2%2Fmedia&parent=47"}],"curies":[{"name":"wp","href":"https:\/\/api.w.org\/{rel}","templated":true}]}}